{"id":44,"date":"2013-05-16T09:20:34","date_gmt":"2013-05-16T07:20:34","guid":{"rendered":"http:\/\/www.floraapotheke-bremen.de\/eng\/?page_id=44"},"modified":"2026-05-11T09:39:26","modified_gmt":"2026-05-11T07:39:26","slug":"impression","status":"publish","type":"page","link":"https:\/\/www.floraapotheke-bremen.de\/eng\/impression\/","title":{"rendered":"Impression"},"content":{"rendered":"<table style=\"margin-left: 38px; margin-right: 38px;\" border=\"0\" width=\"648\" cellspacing=\"0\" cellpadding=\"0\" align=\"LEFT\">\n<tbody>\n<tr>\n<td><strong>Flora-Apotheke<\/strong><\/td>\n<\/tr>\n<tr>\n<td>Landrat-Christians-Str. 126<\/td>\n<\/tr>\n<tr>\n<td>28779 Bremen<\/td>\n<\/tr>\n<tr>\n<td><strong>Telefon:<\/strong> 0421 \/ 601119<\/td>\n<\/tr>\n<tr>\n<td><strong>Telefax:<\/strong> 0421 \/ 6006038<\/td>\n<\/tr>\n<tr>\n<td><strong>eMail:<\/strong> <a href=\"mailto:FloraApotheke@gmx.de\">info@floraapotheke-bremen.de<\/a><\/p>\n<p>&nbsp;<\/td>\n<\/tr>\n<tr>\n<td><strong>Inhaber:<\/strong><br \/>\nJ\u00fcrgen Bornholt<\/td>\n<\/tr>\n<tr>\n<td>Apotheker,Examen 1986, verliehen in Deutschland<\/td>\n<\/tr>\n<tr>\n<td>Fachapotheker f\u00fcr Offizin Pharmazie<\/td>\n<\/tr>\n<tr>\n<td><strong>Aufsichtsbeh\u00f6rde:<\/strong><\/td>\n<\/tr>\n<tr>\n<td>\n<div>Die Senatorin f\u00fcr Gesundheit,Frauen und Verbraucherschutz<\/div>\n<div>Referat 23 (Pharmazie,Medizinprodukte und Umwelthygiene)<\/div>\n<div>Faulenstr. 9\/15<\/div>\n<div>28195 Bremen<\/div>\n<\/td>\n<\/tr>\n<tr>\n<td><strong>Handelsregister<\/strong><\/td>\n<\/tr>\n<tr>\n<td>10585<\/td>\n<\/tr>\n<tr>\n<td><strong>Zust\u00e4ndige Apothekerkammer:<\/strong><\/td>\n<\/tr>\n<tr>\n<td>Apothekerkammer Bremen<\/td>\n<\/tr>\n<tr>\n<td>Bgm. Smidt Str. 16<\/td>\n<\/tr>\n<tr>\n<td>28195 Bremen<\/td>\n<\/tr>\n<tr>\n<td><strong>Steuer-Nr.:<\/strong> DE 7411701535<\/td>\n<\/tr>\n<\/tbody>\n<\/table>\n","protected":false},"excerpt":{"rendered":"<p>Flora-Apotheke Landrat-Christians-Str. 126 28779 Bremen Telefon: 0421 \/ 601119 Telefax: 0421 \/ 6006038 eMail: info@floraapotheke-bremen.de &nbsp; Inhaber: J\u00fcrgen Bornholt Apotheker,Examen 1986, verliehen in Deutschland Fachapotheker f\u00fcr Offizin Pharmazie Aufsichtsbeh\u00f6rde: Die Senatorin f\u00fcr Gesundheit,Frauen und Verbraucherschutz Referat 23 (Pharmazie,Medizinprodukte und Umwelthygiene) Faulenstr. 9\/15 28195 Bremen Handelsregister 10585 Zust\u00e4ndige Apothekerkammer: Apothekerkammer Bremen Bgm. Smidt Str. 16 28195 [&hellip;]<\/p>\n","protected":false},"author":1,"featured_media":0,"parent":0,"menu_order":0,"comment_status":"closed","ping_status":"closed","template":"","meta":{"footnotes":""},"class_list":["post-44","page","type-page","status-publish","hentry"],"_links":{"self":[{"href":"https:\/\/www.floraapotheke-bremen.de\/eng\/wp-json\/wp\/v2\/pages\/44","targetHints":{"allow":["GET"]}}],"collection":[{"href":"https:\/\/www.floraapotheke-bremen.de\/eng\/wp-json\/wp\/v2\/pages"}],"about":[{"href":"https:\/\/www.floraapotheke-bremen.de\/eng\/wp-json\/wp\/v2\/types\/page"}],"author":[{"embeddable":true,"href":"https:\/\/www.floraapotheke-bremen.de\/eng\/wp-json\/wp\/v2\/users\/1"}],"replies":[{"embeddable":true,"href":"https:\/\/www.floraapotheke-bremen.de\/eng\/wp-json\/wp\/v2\/comments?post=44"}],"version-history":[{"count":2,"href":"https:\/\/www.floraapotheke-bremen.de\/eng\/wp-json\/wp\/v2\/pages\/44\/revisions"}],"predecessor-version":[{"id":73,"href":"https:\/\/www.floraapotheke-bremen.de\/eng\/wp-json\/wp\/v2\/pages\/44\/revisions\/73"}],"wp:attachment":[{"href":"https:\/\/www.floraapotheke-bremen.de\/eng\/wp-json\/wp\/v2\/media?parent=44"}],"curies":[{"name":"wp","href":"https:\/\/api.w.org\/{rel}","templated":true}]}}